{"id":19,"date":"2021-10-20T07:44:01","date_gmt":"2021-10-20T07:44:01","guid":{"rendered":"https:\/\/immonline.netweek.website\/?page_id=19"},"modified":"2022-03-22T09:42:44","modified_gmt":"2022-03-22T08:42:44","slug":"valchiavenna-comprare-vendere-casa","status":"publish","type":"page","link":"https:\/\/immonline.it\/en\/valchiavenna-comprare-vendere-casa\/","title":{"rendered":"La Valchiavenna"},"content":{"rendered":"<div data-elementor-type=\"wp-page\" data-elementor-id=\"19\" class=\"elementor elementor-19\" data-elementor-post-type=\"page\">\n\t\t\t\t\t\t\t\t\t<section class=\"elementor-section elementor-top-section elementor-element elementor-element-fea1e5a elementor-section-full_width elementor-section-height-default elementor-section-height-default\" data-id=\"fea1e5a\" data-element_type=\"section\" data-settings=\"{&quot;background_background&quot;:&quot;classic&quot;,&quot;background_motion_fx_motion_fx_scrolling&quot;:&quot;yes&quot;,&quot;background_motion_fx_translateY_effect&quot;:&quot;yes&quot;,&quot;background_motion_fx_translateY_speed&quot;:{&quot;unit&quot;:&quot;px&quot;,&quot;size&quot;:4,&quot;sizes&quot;:[]},&quot;background_motion_fx_translateY_affectedRange&quot;:{&quot;unit&quot;:&quot;%&quot;,&quot;size&quot;:&quot;&quot;,&quot;sizes&quot;:{&quot;start&quot;:0,&quot;end&quot;:100}},&quot;background_motion_fx_devices&quot;:[&quot;desktop&quot;,&quot;tablet&quot;,&quot;mobile&quot;]}\">\n\t\t\t\t\t\t<div class=\"elementor-container elementor-column-gap-default\">\n\t\t\t\t\t<div class=\"elementor-column elementor-col-100 elementor-top-column elementor-element elementor-element-b56d41f\" data-id=\"b56d41f\" data-element_type=\"column\">\n\t\t\t<div class=\"elementor-widget-wrap elementor-element-populated\">\n\t\t\t\t\t\t\t\t<section class=\"elementor-section elementor-inner-section elementor-element elementor-element-7b416e6 elementor-section-boxed elementor-section-height-default elementor-section-height-default\" data-id=\"7b416e6\" data-element_type=\"section\" data-settings=\"{&quot;background_background&quot;:&quot;classic&quot;,&quot;background_motion_fx_motion_fx_scrolling&quot;:&quot;yes&quot;,&quot;background_motion_fx_scale_effect&quot;:&quot;yes&quot;,&quot;background_motion_fx_scale_direction&quot;:&quot;out-in&quot;,&quot;background_motion_fx_scale_speed&quot;:{&quot;unit&quot;:&quot;px&quot;,&quot;size&quot;:4,&quot;sizes&quot;:[]},&quot;background_motion_fx_scale_range&quot;:{&quot;unit&quot;:&quot;%&quot;,&quot;size&quot;:&quot;&quot;,&quot;sizes&quot;:{&quot;start&quot;:20,&quot;end&quot;:80}},&quot;background_motion_fx_devices&quot;:[&quot;desktop&quot;,&quot;tablet&quot;,&quot;mobile&quot;]}\">\n\t\t\t\t\t\t\t<div class=\"elementor-background-overlay\"><\/div>\n\t\t\t\t\t\t\t<div class=\"elementor-container elementor-column-gap-default\">\n\t\t\t\t\t<div class=\"elementor-column elementor-col-100 elementor-inner-column elementor-element elementor-element-b28a74f\" data-id=\"b28a74f\" data-element_type=\"column\">\n\t\t\t<div class=\"elementor-widget-wrap elementor-element-populated\">\n\t\t\t\t\t\t\t\t<div class=\"elementor-element elementor-element-48e6b70 elementor-widget elementor-widget-heading\" data-id=\"48e6b70\" data-element_type=\"widget\" data-widget_type=\"heading.default\">\n\t\t\t\t<div class=\"elementor-widget-container\">\n\t\t\t<h6 class=\"elementor-heading-title elementor-size-default\">La Valchiavenna<\/h6>\t\t<\/div>\n\t\t\t\t<\/div>\n\t\t\t\t\t<\/div>\n\t\t<\/div>\n\t\t\t\t\t\t\t<\/div>\n\t\t<\/section>\n\t\t\t\t\t<\/div>\n\t\t<\/div>\n\t\t\t\t\t\t\t<\/div>\n\t\t<\/section>\n\t\t\t\t<section class=\"elementor-section elementor-top-section elementor-element elementor-element-f91e843 elementor-section-boxed elementor-section-height-default elementor-section-height-default\" data-id=\"f91e843\" data-element_type=\"section\">\n\t\t\t\t\t\t<div class=\"elementor-container elementor-column-gap-default\">\n\t\t\t\t\t<div class=\"elementor-column elementor-col-100 elementor-top-column elementor-element elementor-element-e0eedc3\" data-id=\"e0eedc3\" data-element_type=\"column\" data-settings=\"{&quot;background_background&quot;:&quot;classic&quot;}\">\n\t\t\t<div class=\"elementor-widget-wrap elementor-element-populated\">\n\t\t\t\t\t\t\t\t<section class=\"elementor-section elementor-inner-section elementor-element elementor-element-d40ca79 elementor-section-boxed elementor-section-height-default elementor-section-height-default\" data-id=\"d40ca79\" data-element_type=\"section\" data-settings=\"{&quot;background_background&quot;:&quot;classic&quot;}\">\n\t\t\t\t\t\t<div class=\"elementor-container elementor-column-gap-default\">\n\t\t\t\t\t<div class=\"elementor-column elementor-col-50 elementor-inner-column elementor-element elementor-element-9727e74\" data-id=\"9727e74\" data-element_type=\"column\">\n\t\t\t<div class=\"elementor-widget-wrap elementor-element-populated\">\n\t\t\t\t\t\t\t\t<div class=\"elementor-element elementor-element-ff72737 elementor-widget elementor-widget-heading\" data-id=\"ff72737\" data-element_type=\"widget\" data-widget_type=\"heading.default\">\n\t\t\t\t<div class=\"elementor-widget-container\">\n\t\t\t<h2 class=\"elementor-heading-title elementor-size-default\">Nel cuore delle Alpi<\/h2>\t\t<\/div>\n\t\t\t\t<\/div>\n\t\t\t\t<div class=\"elementor-element elementor-element-5336307 elementor-widget-divider--view-line elementor-widget elementor-widget-divider\" data-id=\"5336307\" data-element_type=\"widget\" data-widget_type=\"divider.default\">\n\t\t\t\t<div class=\"elementor-widget-container\">\n\t\t\t\t\t<div class=\"elementor-divider\">\n\t\t\t<span class=\"elementor-divider-separator\">\n\t\t\t\t\t\t<\/span>\n\t\t<\/div>\n\t\t\t\t<\/div>\n\t\t\t\t<\/div>\n\t\t\t\t<div class=\"elementor-element elementor-element-05165f5 elementor-widget elementor-widget-text-editor\" data-id=\"05165f5\" data-element_type=\"widget\" data-widget_type=\"text-editor.default\">\n\t\t\t\t<div class=\"elementor-widget-container\">\n\t\t\t\t\t\t\t<p><span style=\"font-weight: 400;\">La Valchiavenna \u00e8 la regione alpina che compone, insieme alla Valtellina e ai territori della Val di Lei e di Livigno, la provincia di Sondrio. Il nome Valchiavenna deriva dal nome del suo centro pi\u00f9 importante, Chiavenna. La Valchiavenna \u00e8 circondata da alte cime, come il Pizzo Badile (3308 m), il Pizzo Stella (3163 m), il Pizzo Tamb\u00f2 (3279 m) e il Pizzo Ferr\u00e8 (3103 m). Molto frequentate in inverno sono le splendide piste da sci di Madesimo, raggiungibili con la funicolare che da Campodolcino copre in 3 minuti un dislivello di quasi 650 m. Tante le bellezze architettoniche della zona, tra cui sicuramente Chiavenna e il suo centro storico, e i caratteristici crotti<\/span><\/p><p><span style=\"font-weight: 400;\">Il vicino lago di Como \u00e8 un\u2019altra delle meraviglie di questo territorio. Location amata da poeti e romanzieri, divi del cinema e gente comune, si caratterizza per la bellezza dei suoi panorami, per il microclima mite e per lo straordinario equilibrio creatosi tra uomo e natura. Giardini e boschi, insenature e vallate, azzurro del lago e verde della montagna: \u00e8 questo il contesto in cui opera ImmOnline.<\/span><\/p>\t\t\t\t\t\t<\/div>\n\t\t\t\t<\/div>\n\t\t\t\t\t<\/div>\n\t\t<\/div>\n\t\t\t\t<div class=\"elementor-column elementor-col-50 elementor-inner-column elementor-element elementor-element-027d18a\" data-id=\"027d18a\" data-element_type=\"column\">\n\t\t\t<div class=\"elementor-widget-wrap elementor-element-populated\">\n\t\t\t\t\t\t\t\t<div class=\"elementor-element elementor-element-35cce26 elementor-widget elementor-widget-image\" data-id=\"35cce26\" data-element_type=\"widget\" data-widget_type=\"image.default\">\n\t\t\t\t<div class=\"elementor-widget-container\">\n\t\t\t\t\t\t\t\t\t\t\t\t\t\t\t<img decoding=\"async\" loading=\"lazy\" width=\"800\" height=\"470\" src=\"https:\/\/immonline.it\/wp-content\/uploads\/2022\/03\/Imonline_Foto-Emanuele-Sinoni-Copia-1024x602.jpg\" class=\"elementor-animation-sink attachment-large size-large wp-image-4593\" alt=\"\" srcset=\"https:\/\/immonline.it\/wp-content\/uploads\/2022\/03\/Imonline_Foto-Emanuele-Sinoni-Copia-1024x602.jpg 1024w, https:\/\/immonline.it\/wp-content\/uploads\/2022\/03\/Imonline_Foto-Emanuele-Sinoni-Copia-300x176.jpg 300w, https:\/\/immonline.it\/wp-content\/uploads\/2022\/03\/Imonline_Foto-Emanuele-Sinoni-Copia-768x452.jpg 768w, https:\/\/immonline.it\/wp-content\/uploads\/2022\/03\/Imonline_Foto-Emanuele-Sinoni-Copia-1536x904.jpg 1536w, https:\/\/immonline.it\/wp-content\/uploads\/2022\/03\/Imonline_Foto-Emanuele-Sinoni-Copia-18x12.jpg 18w, https:\/\/immonline.it\/wp-content\/uploads\/2022\/03\/Imonline_Foto-Emanuele-Sinoni-Copia.jpg 1836w\" sizes=\"(max-width: 800px) 100vw, 800px\" \/>\t\t\t\t\t\t\t\t\t\t\t\t\t\t\t<\/div>\n\t\t\t\t<\/div>\n\t\t\t\t\t<\/div>\n\t\t<\/div>\n\t\t\t\t\t\t\t<\/div>\n\t\t<\/section>\n\t\t\t\t<section class=\"elementor-section elementor-inner-section elementor-element elementor-element-1cfeff9 elementor-section-boxed elementor-section-height-default elementor-section-height-default\" data-id=\"1cfeff9\" data-element_type=\"section\">\n\t\t\t\t\t\t<div class=\"elementor-container elementor-column-gap-default\">\n\t\t\t\t\t<div class=\"elementor-column elementor-col-50 elementor-inner-column elementor-element elementor-element-2d3b711\" data-id=\"2d3b711\" data-element_type=\"column\">\n\t\t\t<div class=\"elementor-widget-wrap elementor-element-populated\">\n\t\t\t\t\t\t\t\t<div class=\"elementor-element elementor-element-615634d elementor-widget elementor-widget-heading\" data-id=\"615634d\" data-element_type=\"widget\" data-widget_type=\"heading.default\">\n\t\t\t\t<div class=\"elementor-widget-container\">\n\t\t\t<p class=\"elementor-heading-title elementor-size-default\">\u00a9 foto di<\/p>\t\t<\/div>\n\t\t\t\t<\/div>\n\t\t\t\t\t<\/div>\n\t\t<\/div>\n\t\t\t\t<div class=\"elementor-column elementor-col-50 elementor-inner-column elementor-element elementor-element-a056592\" data-id=\"a056592\" data-element_type=\"column\">\n\t\t\t<div class=\"elementor-widget-wrap elementor-element-populated\">\n\t\t\t\t\t\t\t\t<div class=\"elementor-element elementor-element-0df15a0 elementor-widget__width-auto elementor-widget elementor-widget-image\" data-id=\"0df15a0\" data-element_type=\"widget\" data-widget_type=\"image.default\">\n\t\t\t\t<div class=\"elementor-widget-container\">\n\t\t\t\t\t\t\t\t\t\t\t\t\t\t\t<img decoding=\"async\" src=\"https:\/\/immonline.it\/wp-content\/uploads\/elementor\/thumbs\/firma-meme-sinoni-2017-plunfxh3j6l9ntuebze6w0vfscqwljpveel36vwmbk.png\" title=\"firma meme sinoni 2017\" alt=\"firma meme sinoni 2017\" loading=\"lazy\" \/>\t\t\t\t\t\t\t\t\t\t\t\t\t\t\t<\/div>\n\t\t\t\t<\/div>\n\t\t\t\t\t<\/div>\n\t\t<\/div>\n\t\t\t\t\t\t\t<\/div>\n\t\t<\/section>\n\t\t\t\t\t<\/div>\n\t\t<\/div>\n\t\t\t\t\t\t\t<\/div>\n\t\t<\/section>\n\t\t\t\t<section class=\"elementor-section elementor-top-section elementor-element elementor-element-4ebe426 elementor-section-boxed elementor-section-height-default elementor-section-height-default\" data-id=\"4ebe426\" data-element_type=\"section\" data-settings=\"{&quot;background_background&quot;:&quot;classic&quot;,&quot;background_motion_fx_motion_fx_scrolling&quot;:&quot;yes&quot;,&quot;background_motion_fx_scale_effect&quot;:&quot;yes&quot;,&quot;background_motion_fx_scale_direction&quot;:&quot;out-in&quot;,&quot;background_motion_fx_scale_speed&quot;:{&quot;unit&quot;:&quot;px&quot;,&quot;size&quot;:4,&quot;sizes&quot;:[]},&quot;background_motion_fx_scale_range&quot;:{&quot;unit&quot;:&quot;%&quot;,&quot;size&quot;:&quot;&quot;,&quot;sizes&quot;:{&quot;start&quot;:20,&quot;end&quot;:80}},&quot;background_motion_fx_devices&quot;:[&quot;desktop&quot;,&quot;tablet&quot;,&quot;mobile&quot;]}\">\n\t\t\t\t\t\t\t<div class=\"elementor-background-overlay\"><\/div>\n\t\t\t\t\t\t\t<div class=\"elementor-container elementor-column-gap-default\">\n\t\t\t\t\t<div class=\"elementor-column elementor-col-50 elementor-top-column elementor-element elementor-element-4e590bf\" data-id=\"4e590bf\" data-element_type=\"column\">\n\t\t\t<div class=\"elementor-widget-wrap elementor-element-populated\">\n\t\t\t\t\t\t\t\t<div class=\"elementor-element elementor-element-c311fb8 elementor-widget elementor-widget-heading\" data-id=\"c311fb8\" data-element_type=\"widget\" data-widget_type=\"heading.default\">\n\t\t\t\t<div class=\"elementor-widget-container\">\n\t\t\t<h1 class=\"elementor-heading-title elementor-size-default\">Il turismo <br>in Valchiavenna \n\n\n<\/h1>\t\t<\/div>\n\t\t\t\t<\/div>\n\t\t\t\t\t<\/div>\n\t\t<\/div>\n\t\t\t\t<div class=\"elementor-column elementor-col-50 elementor-top-column elementor-element elementor-element-32300b7\" data-id=\"32300b7\" data-element_type=\"column\">\n\t\t\t<div class=\"elementor-widget-wrap elementor-element-populated\">\n\t\t\t\t\t\t\t\t<div class=\"elementor-element elementor-element-2c055fb elementor-widget elementor-widget-heading\" data-id=\"2c055fb\" data-element_type=\"widget\" data-widget_type=\"heading.default\">\n\t\t\t\t<div class=\"elementor-widget-container\">\n\t\t\t<h3 class=\"elementor-heading-title elementor-size-default\">Il turismo pu\u00f2 contare su molte attrattive, non solo legate alla montagna. Chiavenna, capoluogo della Valchiavenna, \u00e8 meta di turismo storico-culturale, molti i monumenti e le tracce storiche da conoscere e sono numerosi gli eventi organizzati in ogni stagione.\n\n<\/h3>\t\t<\/div>\n\t\t\t\t<\/div>\n\t\t\t\t\t<\/div>\n\t\t<\/div>\n\t\t\t\t\t\t\t<\/div>\n\t\t<\/section>\n\t\t\t\t<section class=\"elementor-section elementor-top-section elementor-element elementor-element-cd19dad elementor-section-boxed elementor-section-height-default elementor-section-height-default\" data-id=\"cd19dad\" data-element_type=\"section\">\n\t\t\t\t\t\t<div class=\"elementor-container elementor-column-gap-default\">\n\t\t\t\t\t<div class=\"elementor-column elementor-col-100 elementor-top-column elementor-element elementor-element-04f9969\" data-id=\"04f9969\" data-element_type=\"column\" data-settings=\"{&quot;background_background&quot;:&quot;classic&quot;}\">\n\t\t\t<div class=\"elementor-widget-wrap elementor-element-populated\">\n\t\t\t\t\t\t\t\t<section class=\"elementor-section elementor-inner-section elementor-element elementor-element-ff53526 elementor-reverse-mobile elementor-section-boxed elementor-section-height-default elementor-section-height-default\" data-id=\"ff53526\" data-element_type=\"section\" data-settings=\"{&quot;background_background&quot;:&quot;classic&quot;}\">\n\t\t\t\t\t\t<div class=\"elementor-container elementor-column-gap-default\">\n\t\t\t\t\t<div class=\"elementor-column elementor-col-50 elementor-inner-column elementor-element elementor-element-38db0f8\" data-id=\"38db0f8\" data-element_type=\"column\">\n\t\t\t<div class=\"elementor-widget-wrap elementor-element-populated\">\n\t\t\t\t\t\t\t\t<div class=\"elementor-element elementor-element-39aa5bf elementor-widget elementor-widget-image\" data-id=\"39aa5bf\" data-element_type=\"widget\" data-widget_type=\"image.default\">\n\t\t\t\t<div class=\"elementor-widget-container\">\n\t\t\t\t\t\t\t\t\t\t\t\t\t\t\t<img decoding=\"async\" loading=\"lazy\" width=\"1686\" height=\"1080\" src=\"https:\/\/immonline.it\/wp-content\/uploads\/2022\/03\/Imonline_Chiavenna-centro-storico.jpg\" class=\"elementor-animation-sink attachment-full size-full wp-image-4590\" alt=\"\" srcset=\"https:\/\/immonline.it\/wp-content\/uploads\/2022\/03\/Imonline_Chiavenna-centro-storico.jpg 1686w, https:\/\/immonline.it\/wp-content\/uploads\/2022\/03\/Imonline_Chiavenna-centro-storico-300x192.jpg 300w, https:\/\/immonline.it\/wp-content\/uploads\/2022\/03\/Imonline_Chiavenna-centro-storico-1024x656.jpg 1024w, https:\/\/immonline.it\/wp-content\/uploads\/2022\/03\/Imonline_Chiavenna-centro-storico-768x492.jpg 768w, https:\/\/immonline.it\/wp-content\/uploads\/2022\/03\/Imonline_Chiavenna-centro-storico-1536x984.jpg 1536w, https:\/\/immonline.it\/wp-content\/uploads\/2022\/03\/Imonline_Chiavenna-centro-storico-18x12.jpg 18w\" sizes=\"(max-width: 1686px) 100vw, 1686px\" \/>\t\t\t\t\t\t\t\t\t\t\t\t\t\t\t<\/div>\n\t\t\t\t<\/div>\n\t\t\t\t\t<\/div>\n\t\t<\/div>\n\t\t\t\t<div class=\"elementor-column elementor-col-50 elementor-inner-column elementor-element elementor-element-f5da3fe\" data-id=\"f5da3fe\" data-element_type=\"column\">\n\t\t\t<div class=\"elementor-widget-wrap elementor-element-populated\">\n\t\t\t\t\t\t\t\t<div class=\"elementor-element elementor-element-4efd434 elementor-widget elementor-widget-heading\" data-id=\"4efd434\" data-element_type=\"widget\" data-widget_type=\"heading.default\">\n\t\t\t\t<div class=\"elementor-widget-container\">\n\t\t\t<h2 class=\"elementor-heading-title elementor-size-default\">Attrattive tutto l'anno<\/h2>\t\t<\/div>\n\t\t\t\t<\/div>\n\t\t\t\t<div class=\"elementor-element elementor-element-82f784f elementor-widget-divider--view-line elementor-widget elementor-widget-divider\" data-id=\"82f784f\" data-element_type=\"widget\" data-widget_type=\"divider.default\">\n\t\t\t\t<div class=\"elementor-widget-container\">\n\t\t\t\t\t<div class=\"elementor-divider\">\n\t\t\t<span class=\"elementor-divider-separator\">\n\t\t\t\t\t\t<\/span>\n\t\t<\/div>\n\t\t\t\t<\/div>\n\t\t\t\t<\/div>\n\t\t\t\t<div class=\"elementor-element elementor-element-5da2732 elementor-widget elementor-widget-text-editor\" data-id=\"5da2732\" data-element_type=\"widget\" data-widget_type=\"text-editor.default\">\n\t\t\t\t<div class=\"elementor-widget-container\">\n\t\t\t\t\t\t\t<p><span style=\"font-weight: 400;\">Caratteristica importante ed esclusiva del territorio sono i \u201cCrotti\u201d, cavit\u00e0 naturale nella montagna dove, attraverso il \u201csor\u00e9l\u201d, spira un\u2019aria a temperatura costante (8\u00b0-10\u00b0) per tutto l\u2019anno ideale per la stagionatura di vini, formaggi e salumi.\u00a0<\/span><\/p><p><span style=\"font-weight: 400;\">Gli alpeggi in montagna sono diventati luogo di interesse per le vacanze estive di molti turisti, l\u2019inverno \u00e8 invece frequentato dagli amanti dello sci e della neve in generale. Il territorio si presta per incantevoli camminate con le ciaspole immersi nella natura incontaminata.<\/span><\/p><p><span style=\"font-weight: 400;\">Per gli amanti dello sport vi \u00e8 inoltre la possibilit\u00e0 di praticare il canyoning e il freeclambing, di percorrere in bicicletta le numerose piste ciclabili o i percorsi pi\u00f9 impegnativi sulle montagne con la mountain bike.<\/span><\/p><p><span style=\"font-weight: 400;\">Non possiamo poi non fare una nota sul settore gastronomico, vera eccellenza del territorio. Sono numerose le specialit\u00e0: pizzoccheri bianchi di Chiavenna (detti anche \u201cgnocchetti\u201d), bresaola, polenta taragna, costine al lavecc, torta fioretto e biscottini di Prosto, quest&#8217;ultimi preparati ancora oggi secondo un&#8217;antica ricetta. Proprio nei crotti, oggi luogo di convivialit\u00e0, le persone possono degustare e apprezzare i piatti e prodotti tipici della Valchiavenna.<\/span><\/p>\t\t\t\t\t\t<\/div>\n\t\t\t\t<\/div>\n\t\t\t\t\t<\/div>\n\t\t<\/div>\n\t\t\t\t\t\t\t<\/div>\n\t\t<\/section>\n\t\t\t\t\t<\/div>\n\t\t<\/div>\n\t\t\t\t\t\t\t<\/div>\n\t\t<\/section>\n\t\t\t\t\t\t\t<\/div>","protected":false},"excerpt":{"rendered":"<p>Nel cuore delle Alpi La Valchiavenna \u00e8 la regione alpina che compone, insieme alla Valtellina e ai territori della Val di Lei e di Livigno, la provincia di Sondrio. Il nome Valchiavenna deriva dal nome del suo centro pi\u00f9 importante, Chiavenna. La Valchiavenna \u00e8 circondata da alte cime, come il Pizzo Badile (3308 m), il [&hellip;]<\/p>","protected":false},"author":1,"featured_media":0,"parent":0,"menu_order":0,"comment_status":"closed","ping_status":"closed","template":"","meta":{"footnotes":""},"yoast_head":"<!-- This site is optimized with the Yoast SEO plugin v21.3 - https:\/\/yoast.com\/wordpress\/plugins\/seo\/ -->\n<title>La Valchiavenna - ImmOnline Valchiavenna<\/title>\n<meta name=\"description\" content=\"Immonline \u00e8 l\u2019agenzia immobiliare online al servizio di chi vuole comprare casa o casa nella stupenda cornice della Valchiavenna\" \/>\n<meta name=\"robots\" content=\"index, follow, max-snippet:-1, max-image-preview:large, max-video-preview:-1\" \/>\n<link rel=\"canonical\" href=\"https:\/\/immonline.it\/en\/valchiavenna-comprare-vendere-casa\/\" \/>\n<meta property=\"og:locale\" content=\"en_GB\" \/>\n<meta property=\"og:type\" content=\"article\" \/>\n<meta property=\"og:title\" content=\"La Valchiavenna - ImmOnline Valchiavenna\" \/>\n<meta property=\"og:description\" content=\"Immonline \u00e8 l\u2019agenzia immobiliare online al servizio di chi vuole comprare casa o casa nella stupenda cornice della Valchiavenna\" \/>\n<meta property=\"og:url\" content=\"https:\/\/immonline.it\/en\/valchiavenna-comprare-vendere-casa\/\" \/>\n<meta property=\"og:site_name\" content=\"ImmOnline Valchiavenna\" \/>\n<meta property=\"article:modified_time\" content=\"2022-03-22T08:42:44+00:00\" \/>\n<meta property=\"og:image\" content=\"https:\/\/immonline.it\/wp-content\/uploads\/2022\/03\/Imonline_Foto-Emanuele-Sinoni-Copia-1024x602.jpg\" \/>\n<meta name=\"twitter:card\" content=\"summary_large_image\" \/>\n<script type=\"application\/ld+json\" class=\"yoast-schema-graph\">{\"@context\":\"https:\/\/schema.org\",\"@graph\":[{\"@type\":\"WebPage\",\"@id\":\"https:\/\/immonline.it\/valchiavenna-comprare-vendere-casa\/\",\"url\":\"https:\/\/immonline.it\/valchiavenna-comprare-vendere-casa\/\",\"name\":\"La Valchiavenna - ImmOnline Valchiavenna\",\"isPartOf\":{\"@id\":\"https:\/\/immonline.it\/#website\"},\"datePublished\":\"2021-10-20T07:44:01+00:00\",\"dateModified\":\"2022-03-22T08:42:44+00:00\",\"description\":\"Immonline \u00e8 l\u2019agenzia immobiliare online al servizio di chi vuole comprare casa o casa nella stupenda cornice della Valchiavenna\",\"breadcrumb\":{\"@id\":\"https:\/\/immonline.it\/valchiavenna-comprare-vendere-casa\/#breadcrumb\"},\"inLanguage\":\"en-GB\",\"potentialAction\":[{\"@type\":\"ReadAction\",\"target\":[\"https:\/\/immonline.it\/valchiavenna-comprare-vendere-casa\/\"]}]},{\"@type\":\"BreadcrumbList\",\"@id\":\"https:\/\/immonline.it\/valchiavenna-comprare-vendere-casa\/#breadcrumb\",\"itemListElement\":[{\"@type\":\"ListItem\",\"position\":1,\"name\":\"Home\",\"item\":\"https:\/\/immonline.it\/\"},{\"@type\":\"ListItem\",\"position\":2,\"name\":\"La Valchiavenna\"}]},{\"@type\":\"WebSite\",\"@id\":\"https:\/\/immonline.it\/#website\",\"url\":\"https:\/\/immonline.it\/\",\"name\":\"ImmOnline Valchiavenna\",\"description\":\"Scegli la casa che fa per te!\",\"publisher\":{\"@id\":\"https:\/\/immonline.it\/#organization\"},\"potentialAction\":[{\"@type\":\"SearchAction\",\"target\":{\"@type\":\"EntryPoint\",\"urlTemplate\":\"https:\/\/immonline.it\/?s={search_term_string}\"},\"query-input\":\"required name=search_term_string\"}],\"inLanguage\":\"en-GB\"},{\"@type\":\"Organization\",\"@id\":\"https:\/\/immonline.it\/#organization\",\"name\":\"Immonline\",\"url\":\"https:\/\/immonline.it\/\",\"logo\":{\"@type\":\"ImageObject\",\"inLanguage\":\"en-GB\",\"@id\":\"https:\/\/immonline.it\/#\/schema\/logo\/image\/\",\"url\":\"https:\/\/immonline.it\/wp-content\/uploads\/2021\/10\/Case-Valchiavenna-Immonline-.png\",\"contentUrl\":\"https:\/\/immonline.it\/wp-content\/uploads\/2021\/10\/Case-Valchiavenna-Immonline-.png\",\"width\":500,\"height\":500,\"caption\":\"Immonline\"},\"image\":{\"@id\":\"https:\/\/immonline.it\/#\/schema\/logo\/image\/\"}}]}<\/script>\n<!-- \/ Yoast SEO plugin. -->","yoast_head_json":{"title":"La Valchiavenna - ImmOnline Valchiavenna","description":"Immonline \u00e8 l\u2019agenzia immobiliare online al servizio di chi vuole comprare casa o casa nella stupenda cornice della Valchiavenna","robots":{"index":"index","follow":"follow","max-snippet":"max-snippet:-1","max-image-preview":"max-image-preview:large","max-video-preview":"max-video-preview:-1"},"canonical":"https:\/\/immonline.it\/en\/valchiavenna-comprare-vendere-casa\/","og_locale":"en_GB","og_type":"article","og_title":"La Valchiavenna - ImmOnline Valchiavenna","og_description":"Immonline \u00e8 l\u2019agenzia immobiliare online al servizio di chi vuole comprare casa o casa nella stupenda cornice della Valchiavenna","og_url":"https:\/\/immonline.it\/en\/valchiavenna-comprare-vendere-casa\/","og_site_name":"ImmOnline Valchiavenna","article_modified_time":"2022-03-22T08:42:44+00:00","og_image":[{"url":"https:\/\/immonline.it\/wp-content\/uploads\/2022\/03\/Imonline_Foto-Emanuele-Sinoni-Copia-1024x602.jpg"}],"twitter_card":"summary_large_image","schema":{"@context":"https:\/\/schema.org","@graph":[{"@type":"WebPage","@id":"https:\/\/immonline.it\/valchiavenna-comprare-vendere-casa\/","url":"https:\/\/immonline.it\/valchiavenna-comprare-vendere-casa\/","name":"La Valchiavenna - ImmOnline Valchiavenna","isPartOf":{"@id":"https:\/\/immonline.it\/#website"},"datePublished":"2021-10-20T07:44:01+00:00","dateModified":"2022-03-22T08:42:44+00:00","description":"Immonline \u00e8 l\u2019agenzia immobiliare online al servizio di chi vuole comprare casa o casa nella stupenda cornice della Valchiavenna","breadcrumb":{"@id":"https:\/\/immonline.it\/valchiavenna-comprare-vendere-casa\/#breadcrumb"},"inLanguage":"en-GB","potentialAction":[{"@type":"ReadAction","target":["https:\/\/immonline.it\/valchiavenna-comprare-vendere-casa\/"]}]},{"@type":"BreadcrumbList","@id":"https:\/\/immonline.it\/valchiavenna-comprare-vendere-casa\/#breadcrumb","itemListElement":[{"@type":"ListItem","position":1,"name":"Home","item":"https:\/\/immonline.it\/"},{"@type":"ListItem","position":2,"name":"La Valchiavenna"}]},{"@type":"WebSite","@id":"https:\/\/immonline.it\/#website","url":"https:\/\/immonline.it\/","name":"ImmOnline Valchiavenna","description":"Scegli la casa che fa per te!","publisher":{"@id":"https:\/\/immonline.it\/#organization"},"potentialAction":[{"@type":"SearchAction","target":{"@type":"EntryPoint","urlTemplate":"https:\/\/immonline.it\/?s={search_term_string}"},"query-input":"required name=search_term_string"}],"inLanguage":"en-GB"},{"@type":"Organization","@id":"https:\/\/immonline.it\/#organization","name":"Immonline","url":"https:\/\/immonline.it\/","logo":{"@type":"ImageObject","inLanguage":"en-GB","@id":"https:\/\/immonline.it\/#\/schema\/logo\/image\/","url":"https:\/\/immonline.it\/wp-content\/uploads\/2021\/10\/Case-Valchiavenna-Immonline-.png","contentUrl":"https:\/\/immonline.it\/wp-content\/uploads\/2021\/10\/Case-Valchiavenna-Immonline-.png","width":500,"height":500,"caption":"Immonline"},"image":{"@id":"https:\/\/immonline.it\/#\/schema\/logo\/image\/"}}]}},"_links":{"self":[{"href":"https:\/\/immonline.it\/en\/wp-json\/wp\/v2\/pages\/19"}],"collection":[{"href":"https:\/\/immonline.it\/en\/wp-json\/wp\/v2\/pages"}],"about":[{"href":"https:\/\/immonline.it\/en\/wp-json\/wp\/v2\/types\/page"}],"author":[{"embeddable":true,"href":"https:\/\/immonline.it\/en\/wp-json\/wp\/v2\/users\/1"}],"replies":[{"embeddable":true,"href":"https:\/\/immonline.it\/en\/wp-json\/wp\/v2\/comments?post=19"}],"version-history":[{"count":131,"href":"https:\/\/immonline.it\/en\/wp-json\/wp\/v2\/pages\/19\/revisions"}],"predecessor-version":[{"id":4769,"href":"https:\/\/immonline.it\/en\/wp-json\/wp\/v2\/pages\/19\/revisions\/4769"}],"wp:attachment":[{"href":"https:\/\/immonline.it\/en\/wp-json\/wp\/v2\/media?parent=19"}],"curies":[{"name":"wp","href":"https:\/\/api.w.org\/{rel}","templated":true}]}}